{"id":46441,"date":"2024-01-29T14:24:48","date_gmt":"2024-01-29T12:24:48","guid":{"rendered":"https:\/\/comune.vigarano.fe.it\/?page_id=46441"},"modified":"2024-01-29T14:24:48","modified_gmt":"2024-01-29T12:24:48","slug":"tipologie-di-procedimento","status":"publish","type":"page","link":"https:\/\/www.comune.vigarano.fe.it\/at\/tipologie-di-procedimento\/","title":{"rendered":"Tipologie di procedimento"},"content":{"rendered":"<p><b>Dlgs 33\/2013 \u2013 Articolo 35, comma 1 e 2<\/b>\u00a0\u2013 Obblighi di pubblicazione relativi ai procedimenti amministrativi e ai controlli sulle dichiarazioni sostitutive e l\u2019acquisizione d\u2019ufficio dei dati<br \/>\n1. Le pubbliche amministrazioni pubblicano i dati relativi alle tipologie di procedimento di propria competenza. Per ciascuna tipologia di procedimento sono pubblicate le seguenti informazioni:<br \/>\na) una breve descrizione del procedimento con indicazione di tutti i riferimenti normativi utili;<br \/>\nb) l\u2019unit\u00e0 organizzativa responsabile dell\u2019istruttoria;<br \/>\nc) il nome del responsabile del procedimento, unitamente ai recapiti telefonici e alla casella di posta elettronica istituzionale, nonch\u00e9, ove diverso, l\u2019ufficio competente all\u2019adozione del provvedimento finale, con l\u2019indicazione del nome del responsabile dell\u2019ufficio, unitamente ai rispettivi recapiti telefonici e alla casella di posta elettronica istituzionale;<br \/>\nd) per i procedimenti ad istanza di parte, gli atti e i documenti da allegare all\u2019istanza e la modulistica necessaria, compresi i fac-simile per le autocertificazioni, anche se la produzione a corredo dell\u2019istanza \u00e8 prevista da norme di legge, regolamenti o atti pubblicati nella Gazzetta Ufficiale, nonch\u00e9 gli uffici ai quali rivolgersi per informazioni, gli orari e le modalit\u00e0 di accesso con indicazione degli indirizzi, dei recapiti telefonici e delle caselle di posta elettronica istituzionale, a cui presentare le istanze;<br \/>\ne) le modalit\u00e0 con le quali gli interessati possono ottenere le informazioni relative ai procedimenti in corso che li riguardino;<br \/>\nf ) il termine fissato in sede di disciplina normativa del procedimento per la conclusione con l\u2019adozione di un provvedimento espresso e ogni altro termine procedimentale rilevante;<br \/>\ng) i procedimenti per i quali il provvedimento dell\u2019amministrazione pu\u00f2 essere sostituito da una dichiarazione dell\u2019interessato, ovvero il procedimento pu\u00f2 concludersi con il silenzio assenso dell\u2019amministrazione;<br \/>\nh) gli strumenti di tutela, amministrativa e giurisdizionale, riconosciuti dalla legge in favore dell\u2019interessato, nel corso del procedimento e nei confronti del provvedimento finale ovvero nei casi di adozione del provvedimento oltre il termine predeterminato per la sua conclusione e i modi per attivarli;<br \/>\ni) il link di accesso al servizio on line, ove sia gi\u00e0 disponibile in rete, o i tempi previsti per la sua attivazione;<br \/>\nl) le modalit\u00e0 per l\u2019effettuazione dei pagamenti eventualmente necessari, con le informazioni di cui all\u2019articolo 36;<br \/>\nm) il nome del soggetto a cui \u00e8 attribuito, in caso di inerzia, il potere sostitutivo, nonch\u00e9 le modalit\u00e0 per attivare tale potere, con indicazione dei recapiti telefonici e delle caselle di posta elettronica istituzionale;<br \/>\nn) i risultati delle indagini di customer satisfaction condotte sulla qualit\u00e0 dei servizi erogati attraverso diversi canali, facendone rilevare il relativo andamento.<br \/>\n2. Le pubbliche amministrazioni non possono richiedere l\u2019uso di moduli e formulari che non siano stati pubblicati; in caso di omessa pubblicazione, i relativi procedimenti possono essere avviati anche in assenza dei suddetti moduli o formulari. L\u2019amministrazione non pu\u00f2 respingere l\u2019istanza adducendo il mancato utilizzo dei moduli o formulari o la mancata produzione di tali atti o documenti, e deve invitare l\u2019istante a integrare la documentazione in un termine congruo.<\/p>\n<h1 class=\"post-title item fn\">MODULISTICA SCARICABILE<\/h1>\n<p>La modulistica per le istanze \u00e8 scaricabile al seguente link:<\/p>\n<p><a href=\"https:\/\/www.comune.vigarano.fe.it\/at\/\">www.comune.vigarano.fe.it<\/a><\/p>\n<p>selezionando l\u2019ufficio interessato<\/p>\n<h1 class=\"post-title item fn\">ELENCO PROCEDIMENTI<\/h1>\n<ul>\n<li><a href=\"https:\/\/www.comune.vigarano.fe.it\/at\/wp-content\/uploads\/2024\/01\/1453826462_tabella_procedimenti_aagg_ssdd_sspp.pdf\">Settore affari generali-risorse umane-servizi demografici-servizi alla persona<\/a><\/li>\n<li><a href=\"https:\/\/www.comune.vigarano.fe.it\/at\/wp-content\/uploads\/2024\/01\/1369150332_tabella_procedimenti_rag.pdf\">Settore finanze-bilancio<\/a><\/li>\n<li><a href=\"https:\/\/www.comune.vigarano.fe.it\/at\/wp-content\/uploads\/2024\/01\/1369150377_tabella_procedimeti_tecnico.pdf\">Settore tecnico<\/a><\/li>\n<li><a href=\"https:\/\/www.comune.vigarano.fe.it\/at\/wp-content\/uploads\/2024\/01\/1453817109_tabella_procedimenti_cult_istr.pdf\">Settore cultura-p.istruzione-politiche giovanili-relazioni internazionali<\/a><\/li>\n<li><a href=\"https:\/\/www.comune.vigarano.fe.it\/at\/wp-content\/uploads\/2024\/01\/1375254352_tabella_procedimenti_pm.pdf\">Servizio polizia municipale<\/a><\/li>\n<li><a href=\"https:\/\/www.comune.vigarano.fe.it\/at\/wp-content\/uploads\/2024\/01\/1369150998_tabella_procedimenti_suap.pdf\">Servizio commercio-attivit\u00e0 produttive<\/a><\/li>\n<\/ul>\n<h1 class=\"post-title item fn\">PIANO DI INFORMATIZZAZIONE DELLE PROCEDURE PER PRESENTAZIONE DI ISTANZE,DICHIARAZIONI E SEGNALAZIONI<\/h1>\n<p><a href=\"https:\/\/www.comune.vigarano.fe.it\/at\/wp-content\/uploads\/2024\/01\/1487673720_1425402229_piano_informatizzazione.pdf\">Piano 2015<\/a><\/p>\n","protected":false},"excerpt":{"rendered":"<p>Dlgs 33\/2013 \u2013 Articolo 35, comma 1 e 2\u00a0\u2013 Obblighi di pubblicazione relativi ai procedimenti amministrativi e ai controlli sulle dichiarazioni sostitutive e l\u2019acquisizione d\u2019ufficio dei dati 1. Le pubbliche amministrazioni pubblicano i dati relativi alle [&hellip;]<\/p>\n","protected":false},"author":1,"featured_media":0,"parent":0,"menu_order":0,"comment_status":"closed","ping_status":"closed","template":"","meta":{"footnotes":""},"class_list":["post-46441","page","type-page","status-publish","hentry"],"_links":{"self":[{"href":"https:\/\/www.comune.vigarano.fe.it\/at\/wp-json\/wp\/v2\/pages\/46441","targetHints":{"allow":["GET"]}}],"collection":[{"href":"https:\/\/www.comune.vigarano.fe.it\/at\/wp-json\/wp\/v2\/pages"}],"about":[{"href":"https:\/\/www.comune.vigarano.fe.it\/at\/wp-json\/wp\/v2\/types\/page"}],"author":[{"embeddable":true,"href":"https:\/\/www.comune.vigarano.fe.it\/at\/wp-json\/wp\/v2\/users\/1"}],"replies":[{"embeddable":true,"href":"https:\/\/www.comune.vigarano.fe.it\/at\/wp-json\/wp\/v2\/comments?post=46441"}],"version-history":[{"count":0,"href":"https:\/\/www.comune.vigarano.fe.it\/at\/wp-json\/wp\/v2\/pages\/46441\/revisions"}],"wp:attachment":[{"href":"https:\/\/www.comune.vigarano.fe.it\/at\/wp-json\/wp\/v2\/media?parent=46441"}],"curies":[{"name":"wp","href":"https:\/\/api.w.org\/{rel}","templated":true}]}}